{"id":41516,"date":"2025-07-26T16:08:59","date_gmt":"2025-07-26T20:08:59","guid":{"rendered":"https:\/\/tradafrik.com\/?post_type=product&#038;p=41516"},"modified":"2025-07-26T16:48:48","modified_gmt":"2025-07-26T20:48:48","slug":"import-placeholder-for-5087","status":"publish","type":"product","link":"https:\/\/tradafrik.com\/ru\/product\/import-placeholder-for-5087\/","title":{"rendered":"Import placeholder for 5087"},"content":{"rendered":"<p>\n          Le lave-linge s\u00e9rie 6, WUU28T69FR, de Bosch est parfait pour garder votre linge propre tout en pr\u00e9servant votre porte-monnaie. Il dispose d&#8217;un tambour de 50 litres lui permettant de laver jusqu&#8217;\u00e0 9 kg. Cet \u00e9lectrom\u00e9nager est puissant, silencieux et \u00e9conome gr\u00e2ce son moteur Eco Silence Drive. En effet, ce dernier est capable d&#8217;atteindre jusqu&#8217;\u00e0 1400 tr\/min lors de son essorage et n&#8217;\u00e9met que 72 dB. De plus, ce moteur est id\u00e9al pour r\u00e9duire votre consommation \u00e9nerg\u00e9tique et il poss\u00e8de \u00e9galement une garantie de 10 ans. En outre, son syst\u00e8me ActiveWater Plus permet d&#8217;adapter la consommation d&#8217;eau de votre lave-linge en fonction de la quantit\u00e9 de charge afin de r\u00e9aliser des \u00e9conomie d&#8217;\u00e9nergie. Complet, cet appareil vous propose plusieurs programmes et options : \u00e9co 40-60, coton, couleurs sombres, d\u00e9licat\/soie, laine\/lavage main, synth\u00e9tique. Son option SpeedPerfect vous permet de laver 3 fois plus rapidement votre linge.<\/p>\n<\/div>\n<div id=\"technical_details\">\n<table>\n<tr>\n<th>Marque<\/th>\n<td>\u200eBOSCH<\/td>\n<\/tr>\n<tr>\n<th>Dimensions du produit (L x l x h)<\/th>\n<td>\u200e68 x 64 x 88 cm; 73,5 kilogrammes<\/td>\n<\/tr>\n<tr>\n<th>R\u00e9f\u00e9rence constructeur<\/th>\n<td>\u200eWUU28T69FR<\/td>\n<\/tr>\n<tr>\n<th>Capacit\u00e9<\/th>\n<td>\u200e9 Kilogrammes<\/td>\n<\/tr>\n<tr>\n<th>Efficacit\u00e9 \u00e9nerg\u00e9tique (10 niveaux)<\/th>\n<td>\u200eA<\/td>\n<\/tr>\n<tr>\n<th>Capacit\u00e9<\/th>\n<td>\u200e9 Kilogrammes<\/td>\n<\/tr>\n<tr>\n<th>Vitesse d&#8217;essorage<\/th>\n<td>\u200e1400 tr\/min<\/td>\n<\/tr>\n<tr>\n<th>Niveau sonore<\/th>\n<td>\u200e72 dB<\/td>\n<\/tr>\n<tr>\n<th>Capacit\u00e9 de lavage<\/th>\n<td>\u200e9 Kilogrammes<\/td>\n<\/tr>\n<tr>\n<th>Type d&#8217;installation<\/th>\n<td>\u200ePose libre<\/td>\n<\/tr>\n<tr>\n<th>R\u00e9f\u00e9rence<\/th>\n<td>\u200eWUU28T69FR<\/td>\n<\/tr>\n<tr>\n<th>Couleur<\/th>\n<td>\u200eBlanc<\/td>\n<\/tr>\n<tr>\n<th>Nombre de programmes standards<\/th>\n<td>\u200e60<\/td>\n<\/tr>\n<tr>\n<th>Type de chargement<\/th>\n<td>\u200eFrontal<\/td>\n<\/tr>\n<tr>\n<th>Batterie(s) \/ Pile(s) requise(s)<\/th>\n<td>\u200eNon<\/td>\n<\/tr>\n<tr>\n<th>Garantie commerciale constructeur<\/th>\n<td>\u200e2 ans<\/td>\n<\/tr>\n<tr>\n<th>Disponibilit\u00e9 des pi\u00e8ces d\u00e9tach\u00e9es<\/th>\n<td>\u200eInformation indisponible sur les pi\u00e8ces d\u00e9tach\u00e9es<\/td>\n<\/tr>\n<\/table>","protected":false},"excerpt":{"rendered":"<p>Le lave-linge s\u00e9rie 6, WUU28T69FR, de Bosch est parfait pour garder votre linge propre tout en pr\u00e9servant votre porte-monnaie. Il dispose d&#8217;un tambour de 50 litres lui permettant de laver&hellip;<\/p>","protected":false},"featured_media":41592,"comment_status":"open","ping_status":"closed","template":"","meta":[],"product_brand":[],"product_cat":[15,340],"product_tag":[],"class_list":{"0":"post-41516","1":"product","2":"type-product","3":"status-publish","4":"has-post-thumbnail","6":"product_cat-uncategorized","7":"product_cat-home-appliance","9":"first","10":"instock","11":"shipping-taxable","12":"product-type-simple"},"aioseo_notices":[],"_links":{"self":[{"href":"https:\/\/tradafrik.com\/ru\/wp-json\/wp\/v2\/product\/41516","targetHints":{"allow":["GET"]}}],"collection":[{"href":"https:\/\/tradafrik.com\/ru\/wp-json\/wp\/v2\/product"}],"about":[{"href":"https:\/\/tradafrik.com\/ru\/wp-json\/wp\/v2\/types\/product"}],"replies":[{"embeddable":true,"href":"https:\/\/tradafrik.com\/ru\/wp-json\/wp\/v2\/comments?post=41516"}],"wp:featuredmedia":[{"embeddable":true,"href":"https:\/\/tradafrik.com\/ru\/wp-json\/wp\/v2\/media\/41592"}],"wp:attachment":[{"href":"https:\/\/tradafrik.com\/ru\/wp-json\/wp\/v2\/media?parent=41516"}],"wp:term":[{"taxonomy":"product_brand","embeddable":true,"href":"https:\/\/tradafrik.com\/ru\/wp-json\/wp\/v2\/product_brand?post=41516"},{"taxonomy":"product_cat","embeddable":true,"href":"https:\/\/tradafrik.com\/ru\/wp-json\/wp\/v2\/product_cat?post=41516"},{"taxonomy":"product_tag","embeddable":true,"href":"https:\/\/tradafrik.com\/ru\/wp-json\/wp\/v2\/product_tag?post=41516"}],"curies":[{"name":"wp","href":"https:\/\/api.w.org\/{rel}","templated":true}]}}