{"id":41518,"date":"2025-07-26T16:08:59","date_gmt":"2025-07-26T20:08:59","guid":{"rendered":"https:\/\/tradafrik.com\/?post_type=product&#038;p=41518"},"modified":"2025-07-26T16:53:03","modified_gmt":"2025-07-26T20:53:03","slug":"import-placeholder-for-5089","status":"publish","type":"product","link":"https:\/\/tradafrik.com\/ru\/product\/import-placeholder-for-5089\/","title":{"rendered":"Import placeholder for 5089"},"content":{"rendered":"<p>\n       D\u00e9couvrez Easy Fry XL Surface de Moulinex, une friteuse \u00e0 air pour pr\u00e9parer une multitude d&#8217;aliments frits en un \u00e9clair! Son large panier carr\u00e9 vous permet de cuire pizza, quiche ou tarte jusqu&#8217;\u00e0 27 cm Con\u00e7ue pour r\u00e9galer nos amis ou notre famille gr\u00e2ce \u00e0 son large panier la tr\u00e8s grande surface de cuisson d&#8217;Easy Fry n&#8217;encombre pas pour autant votre plan de travail. Et en mati\u00e8re de saveurs, vous ne serez pas d\u00e9\u00e7u! Enfin, cette friteuse \u00e0 air est dot\u00e9e de la technologie Extra-Crisp et de deux r\u00e9sistances pour des r\u00e9sultats croustillants \u00e0 chaque fois.<\/p>\n<\/div>\n<div id=\"technical_details\">\n<table>\n<tr>\n<th>Marque<\/th>\n<td>\u200eMoulinex<\/td>\n<\/tr>\n<tr>\n<th>Num\u00e9ro de mod\u00e8le<\/th>\n<td>\u200eAL4018F0<\/td>\n<\/tr>\n<tr>\n<th>Couleur<\/th>\n<td>\u200eNoir<\/td>\n<\/tr>\n<tr>\n<th>Dimensions du produit (L x l x h)<\/th>\n<td>\u200e39,2 x 39,2 x 19,8 cm; 4,9 kilogrammes<\/td>\n<\/tr>\n<tr>\n<th>Capacit\u00e9<\/th>\n<td>\u200e1 Kilogrammes<\/td>\n<\/tr>\n<tr>\n<th>Puissance<\/th>\n<td>\u200e2200 Watts<\/td>\n<\/tr>\n<tr>\n<th>\u041d\u0430\u043f\u0440\u044f\u0436\u0435\u043d\u0438\u0435<\/th>\n<td>\u200e230 Volts<\/td>\n<\/tr>\n<tr>\n<th>Mat\u00e9riau<\/th>\n<td>\u200ese r\u00e9f\u00e9rer \u00e0 la fiche constructeur<\/td>\n<\/tr>\n<tr>\n<th>Caract\u00e9ristiques<\/th>\n<td>\u200eFonctionnalit\u00e9 dual zone<\/td>\n<\/tr>\n<tr>\n<th>Poids de l&#8217;article<\/th>\n<td>\u200e4,9 Kilograms<\/td>\n<\/tr>\n<tr>\n<th>Disponibilit\u00e9 des pi\u00e8ces d\u00e9tach\u00e9es<\/th>\n<td>\u200e15 Ans<\/td>\n<\/tr>\n<\/table>","protected":false},"excerpt":{"rendered":"<p>D\u00e9couvrez Easy Fry XL Surface de Moulinex, une friteuse \u00e0 air pour pr\u00e9parer une multitude d&#8217;aliments frits en un \u00e9clair! Son large panier carr\u00e9 vous permet de cuire pizza, quiche&hellip;<\/p>","protected":false},"featured_media":41607,"comment_status":"open","ping_status":"closed","template":"","meta":[],"product_brand":[],"product_cat":[340],"product_tag":[],"class_list":{"0":"post-41518","1":"product","2":"type-product","3":"status-publish","4":"has-post-thumbnail","6":"product_cat-home-appliance","8":"first","9":"instock","10":"shipping-taxable","11":"product-type-simple"},"aioseo_notices":[],"_links":{"self":[{"href":"https:\/\/tradafrik.com\/ru\/wp-json\/wp\/v2\/product\/41518","targetHints":{"allow":["GET"]}}],"collection":[{"href":"https:\/\/tradafrik.com\/ru\/wp-json\/wp\/v2\/product"}],"about":[{"href":"https:\/\/tradafrik.com\/ru\/wp-json\/wp\/v2\/types\/product"}],"replies":[{"embeddable":true,"href":"https:\/\/tradafrik.com\/ru\/wp-json\/wp\/v2\/comments?post=41518"}],"wp:featuredmedia":[{"embeddable":true,"href":"https:\/\/tradafrik.com\/ru\/wp-json\/wp\/v2\/media\/41607"}],"wp:attachment":[{"href":"https:\/\/tradafrik.com\/ru\/wp-json\/wp\/v2\/media?parent=41518"}],"wp:term":[{"taxonomy":"product_brand","embeddable":true,"href":"https:\/\/tradafrik.com\/ru\/wp-json\/wp\/v2\/product_brand?post=41518"},{"taxonomy":"product_cat","embeddable":true,"href":"https:\/\/tradafrik.com\/ru\/wp-json\/wp\/v2\/product_cat?post=41518"},{"taxonomy":"product_tag","embeddable":true,"href":"https:\/\/tradafrik.com\/ru\/wp-json\/wp\/v2\/product_tag?post=41518"}],"curies":[{"name":"wp","href":"https:\/\/api.w.org\/{rel}","templated":true}]}}