{"id":41519,"date":"2025-07-26T16:08:59","date_gmt":"2025-07-26T20:08:59","guid":{"rendered":"https:\/\/tradafrik.com\/?post_type=product&#038;p=41519"},"modified":"2025-07-26T16:09:17","modified_gmt":"2025-07-26T20:09:17","slug":"import-placeholder-for-5090","status":"publish","type":"product","link":"https:\/\/tradafrik.com\/ru\/product\/import-placeholder-for-5090\/","title":{"rendered":"Import placeholder for 5090"},"content":{"rendered":"<p>           Please note:<br \/>\n            Before using the device, please do not tighten the screw of the grinding blades too tight. Too tight screw can damage the blades.<br \/>\n            Specifications:<br \/>\n            Support power:1500W 2200W 3000W<br \/>\n            Nominal voltage: 220 V<br \/>\n            Rated speed: 1400 rpm<br \/>\n            Drilling diameter: 150 mm<br \/>\n            Direction of rotation: counter-clockwise.<br \/>\n            Features:<br \/>\n            1. Condenser shell is made of iron galvanised material, the transport process is not crushed, rust is finished.<br \/>\n            2. Heritage of the traditional mill, innovative steelwork technology;<br \/>\n            3. All round fine crushing, open the door of health.<br \/>\n            Milling details:<br \/>\n            Corn \u2265 60 kg\/h.<br \/>\n            Rice \u2265 75 kg\/h.<br \/>\n            Wheat \u2265 75 kg\/h.<br \/>\n            Tubular ice \u2265 50 kg\/h.<br \/>\n            Refining:<br \/>\n            Soybeans \u2265 50 kg\/h.<br \/>\n            Rice \u2265 50 kg\/h.<br \/>\n            Package contents:<br \/>\n            1 x grinder + 1 x funnel.<br \/>\n            Note:<br \/>\n            This machine can only accept dry grinding instead of wet sanding.<br \/>\n            As the package is too heavy, we send it in two packages. Due to the different logistics, the arrival time is different.\n          <\/p>\n<\/div>\n<div id=\"technical_details\">\n<table>\n<tr>\n<th>Marque<\/th>\n<td>\u200eMytaYt<\/td>\n<\/tr>\n<tr>\n<th>Num\u00e9ro de mod\u00e8le<\/th>\n<td>\u200e662718<\/td>\n<\/tr>\n<tr>\n<th>Couleur<\/th>\n<td>\u200e3000w<\/td>\n<\/tr>\n<tr>\n<th>Capacit\u00e9<\/th>\n<td>\u200e50 Kilogrammes<\/td>\n<\/tr>\n<tr>\n<th>\u041d\u0430\u043f\u0440\u044f\u0436\u0435\u043d\u0438\u0435<\/th>\n<td>\u200e220 Volts<\/td>\n<\/tr>\n<tr>\n<th>Disponibilit\u00e9 des pi\u00e8ces d\u00e9tach\u00e9es<\/th>\n<td>\u200eInformation indisponible sur les pi\u00e8ces d\u00e9tach\u00e9es<\/td>\n<\/tr>\n<\/table>","protected":false},"excerpt":{"rendered":"<p>Please note: Before using the device, please do not tighten the screw of the grinding blades too tight. Too tight screw can damage the blades. Specifications: Support power:1500W 2200W 3000W&hellip;<\/p>","protected":false},"featured_media":41614,"comment_status":"open","ping_status":"closed","template":"","meta":[],"product_brand":[],"product_cat":[15],"product_tag":[],"class_list":{"0":"post-41519","1":"product","2":"type-product","3":"status-publish","4":"has-post-thumbnail","6":"product_cat-uncategorized","8":"first","9":"instock","10":"shipping-taxable","11":"product-type-simple"},"aioseo_notices":[],"_links":{"self":[{"href":"https:\/\/tradafrik.com\/ru\/wp-json\/wp\/v2\/product\/41519","targetHints":{"allow":["GET"]}}],"collection":[{"href":"https:\/\/tradafrik.com\/ru\/wp-json\/wp\/v2\/product"}],"about":[{"href":"https:\/\/tradafrik.com\/ru\/wp-json\/wp\/v2\/types\/product"}],"replies":[{"embeddable":true,"href":"https:\/\/tradafrik.com\/ru\/wp-json\/wp\/v2\/comments?post=41519"}],"wp:featuredmedia":[{"embeddable":true,"href":"https:\/\/tradafrik.com\/ru\/wp-json\/wp\/v2\/media\/41614"}],"wp:attachment":[{"href":"https:\/\/tradafrik.com\/ru\/wp-json\/wp\/v2\/media?parent=41519"}],"wp:term":[{"taxonomy":"product_brand","embeddable":true,"href":"https:\/\/tradafrik.com\/ru\/wp-json\/wp\/v2\/product_brand?post=41519"},{"taxonomy":"product_cat","embeddable":true,"href":"https:\/\/tradafrik.com\/ru\/wp-json\/wp\/v2\/product_cat?post=41519"},{"taxonomy":"product_tag","embeddable":true,"href":"https:\/\/tradafrik.com\/ru\/wp-json\/wp\/v2\/product_tag?post=41519"}],"curies":[{"name":"wp","href":"https:\/\/api.w.org\/{rel}","templated":true}]}}